{"id":18,"date":"2017-09-29T21:46:06","date_gmt":"2017-09-29T19:46:06","guid":{"rendered":"http:\/\/bonhommedepsy.fr\/?page_id=18"},"modified":"2024-05-26T22:43:41","modified_gmt":"2024-05-26T20:43:41","slug":"bienvenue-chez-psychologue","status":"publish","type":"page","link":"https:\/\/bonhommedepsy.fr\/","title":{"rendered":"Votre psychologue en ligne"},"content":{"rendered":"<p>Bienvenue,<\/p>\n<p>Je suis Alexandre Bonhomme Deveycx, psychologue pour des consultations en ligne. Vous recherchez un professionnel comp\u00e9tent mais vous n&rsquo;avez pas la possibilit\u00e9 de vous lib\u00e9rer du temps pour aller \u00e0 sa rencontre ? Je suis \u00e0 votre disposition et je vous propose des consultations en ligne, par t\u00e9l\u00e9phone ou visioconf\u00e9rence, sur des horaires adapt\u00e9s \u00e0 vos disponibilit\u00e9s.<\/p>\n<p>Il arrive parfois que l&rsquo;on se retrouve en difficult\u00e9 dans notre vie personnelle ou professionnelle et il est fr\u00e9quent de douter de soi. Parfois m\u00eame, nous pouvons vivre un \u00e9v\u00e9nement traumatisant et ressentir le besoin de l&rsquo;\u00e9vacuer. <strong>Dans ces cas de figure, faites donc appel \u00e0 un professionnel qualifi\u00e9.<\/strong><\/p>\n<p>A travers la consultation en ligne, je vous apporterai des r\u00e9ponses aux questions qui vous pr\u00e9occupent et que vous avez du mal \u00e0 explorer. Ainsi, vous vous sentirez moins seul et plus confiant dans l&rsquo;avenir.<\/p>\n<p><strong>Pourquoi ?<\/strong><\/p>\n<p>Contrairement \u00e0 ce que l&rsquo;on pourrait croire, parler avec un ami n&rsquo;est pas suffisant lorsque l&rsquo;on souffre. <strong>Les psychologues sont sp\u00e9cialement form\u00e9s<\/strong> pour se d\u00e9tacher de leur ressenti et travailler avec vous sur vos difficult\u00e9s. Un ami vous offrira une \u00e9paule sur laquelle vous reposer quelques instants, alors qu&rsquo;un psychologue vous aidera \u00e0 vous relever, et vous permettra de d\u00e9couvrir des fa\u00e7ons de <strong>conserver et remobiliser votre \u00e9nergie<\/strong>.<\/p>\n<p><strong>Comment ?<\/strong><\/p>\n<p>Un accompagnement simple, adapt\u00e9 \u00e0 votre demande.<\/p>\n<p>Il vous suffit de prendre contact par mail ou t\u00e9l\u00e9phone. La date et l&rsquo;horaire d&rsquo;un premier rendez-vous sera choisi <strong>\u00e0 votre convenance<\/strong>. Lors des premiers entretiens, nous \u00e9tablirons ensemble une feuille de route qui guidera la suite de votre accompagnement, puis nous pourrons aborder de nombreuses probl\u00e9matiques. D\u00e9pression, perte de confiance, souffrance au travail, <strong>chaque sujet sera trait\u00e9 avec attention et m\u00e9thode<\/strong>, dans l&rsquo;ordre voulu.<\/p>\n<p>Il n&rsquo;est pas toujours n\u00e9cessaire de souffrir de pathologies psychique pour ressentir le besoin d&rsquo;\u00eatre \u00e9cout\u00e9 et la bonne personne peut parfois vous aider \u00e0 comprendre et apprivoiser vos angoisses.<\/p>\n<p>Pour votre confort, les prises en charge sont effectu\u00e9es uniquement par t\u00e9l\u00e9phone et\/ou visioconf\u00e9rence. Cette derni\u00e8re passant par un syst\u00e8me d\u00e9di\u00e9 et intuitif, vous n&rsquo;aurez aucune difficult\u00e9 \u00e0 me contacter le jour de votre entretien. Contrairement \u00e0 ce que beaucoup croient les consultations psychologiques par ces moyens de communication restent une alternative efficace et tout aussi pertinente que le rendez vous en pr\u00e9sentiel.<\/p>\n<p><strong>Qui ?<\/strong><\/p>\n<p>Sp\u00e9cialis\u00e9 dans la prise en charge des adultes et des professionnels, je peux accompagner les personnes en recherche d&rsquo;aide psychologique, les salari\u00e9s et fonctionnaires en difficult\u00e9s au travail, ainsi que les psychologues, travailleurs sociaux et coachs cherchant une supervision.<\/p>\n<p>Je ne re\u00e7ois plus de mineurs pour des raisons de disponibilit\u00e9 professionnel. Si vous souhaitez que votre enfant soit accompagn\u00e9, vous pouvez vous tourner vers les structures sp\u00e9cialis\u00e9s de votre secteur d&rsquo;habitation (CMP, maison de l&rsquo;enfance, etc.) ou vers un psychologue lib\u00e9ral sp\u00e9cialis\u00e9 en psychologie de l&rsquo;enfant ou du d\u00e9veloppement.<\/p>\n<div id=\"box\" align=\"center\"><\/div>\n<p><img loading=\"lazy\" decoding=\"async\" class=\"alignnone size-medium wp-image-181\" src=\"http:\/\/bonhommedepsy.fr\/wp-content\/uploads\/2017\/12\/23804360_10215227554867055_1179882931_n-200x300.jpg\" alt=\"\" width=\"200\" height=\"300\" srcset=\"https:\/\/bonhommedepsy.fr\/wp-content\/uploads\/2017\/12\/23804360_10215227554867055_1179882931_n-200x300.jpg 200w, https:\/\/bonhommedepsy.fr\/wp-content\/uploads\/2017\/12\/23804360_10215227554867055_1179882931_n.jpg 533w\" sizes=\"(max-width: 200px) 100vw, 200px\" \/><\/p>\n<div class=\"step-1\"><\/div>\n","protected":false},"excerpt":{"rendered":"<p>Bienvenue, Je suis Alexandre Bonhomme Deveycx, psychologue pour des consultations en ligne. Vous recherchez un professionnel comp\u00e9tent mais vous n&rsquo;avez pas la possibilit\u00e9 de vous lib\u00e9rer du temps pour aller \u00e0 sa rencontre ? Je suis \u00e0 votre disposition et &hellip; <a href=\"https:\/\/bonhommedepsy.fr\/\">Continuer la lecture <span class=\"meta-nav\">&rarr;<\/span><\/a><\/p>\n","protected":false},"author":1,"featured_media":0,"parent":0,"menu_order":0,"comment_status":"closed","ping_status":"closed","template":"","meta":{"footnotes":""},"_links":{"self":[{"href":"https:\/\/bonhommedepsy.fr\/index.php\/wp-json\/wp\/v2\/pages\/18"}],"collection":[{"href":"https:\/\/bonhommedepsy.fr\/index.php\/wp-json\/wp\/v2\/pages"}],"about":[{"href":"https:\/\/bonhommedepsy.fr\/index.php\/wp-json\/wp\/v2\/types\/page"}],"author":[{"embeddable":true,"href":"https:\/\/bonhommedepsy.fr\/index.php\/wp-json\/wp\/v2\/users\/1"}],"replies":[{"embeddable":true,"href":"https:\/\/bonhommedepsy.fr\/index.php\/wp-json\/wp\/v2\/comments?post=18"}],"version-history":[{"count":38,"href":"https:\/\/bonhommedepsy.fr\/index.php\/wp-json\/wp\/v2\/pages\/18\/revisions"}],"predecessor-version":[{"id":290,"href":"https:\/\/bonhommedepsy.fr\/index.php\/wp-json\/wp\/v2\/pages\/18\/revisions\/290"}],"wp:attachment":[{"href":"https:\/\/bonhommedepsy.fr\/index.php\/wp-json\/wp\/v2\/media?parent=18"}],"curies":[{"name":"wp","href":"https:\/\/api.w.org\/{rel}","templated":true}]}}